{"id":824,"date":"2018-05-03T15:19:56","date_gmt":"2018-05-03T15:19:56","guid":{"rendered":"http:\/\/wpoffice\/enfold-lawyer\/?page_id=824"},"modified":"2024-11-07T15:15:47","modified_gmt":"2024-11-07T15:15:47","slug":"a-propos","status":"publish","type":"page","link":"https:\/\/www.infrainfo.ca\/index.php\/a-propos\/","title":{"rendered":"\u00c0 propos"},"content":{"rendered":"\n<style type=\"text\/css\" data-created_by=\"avia_inline_auto\" id=\"style-css-av-145nae-651eae05fb78bdd4dd273144f78011ac\">\n.avia-section.av-145nae-651eae05fb78bdd4dd273144f78011ac{\nbackground-repeat:no-repeat;\nbackground-image:url(https:\/\/www.infrainfo.ca\/wp-content\/uploads\/2018\/05\/hero-blurred.jpg);\nbackground-position:50% 50%;\nbackground-attachment:scroll;\n}\n.avia-section.av-145nae-651eae05fb78bdd4dd273144f78011ac .av-section-color-overlay{\nopacity:0.6;\nbackground-color:#084a79;\n}\n<\/style>\n<div id='av_section_1'  class='avia-section av-145nae-651eae05fb78bdd4dd273144f78011ac main_color avia-section-default avia-no-border-styling  avia-builder-el-0  el_before_av_heading  avia-builder-el-first  avia-full-stretch avia-bg-style-scroll av-section-color-overlay-active av-minimum-height av-minimum-height-custom av-height-custom  container_wrap fullsize'  data-section-bg-repeat='stretch' data-av_minimum_height_px='230'><div class=\"av-section-color-overlay-wrap\"><div class=\"av-section-color-overlay\"><\/div><div class='container av-section-cont-open' style='height:230px'><main  role=\"main\" itemprop=\"mainContentOfPage\"  class='template-page content  av-content-full alpha units'><div class='post-entry post-entry-type-page post-entry-824'><div class='entry-content-wrapper clearfix'>\n\n<style type=\"text\/css\" data-created_by=\"avia_inline_auto\" id=\"style-css-av-jgf3pjem-ee2a691ebc0a9a100bc99d372a9c72ca\">\n#top .flex_column.av-jgf3pjem-ee2a691ebc0a9a100bc99d372a9c72ca{\nmargin-top:0px;\nmargin-bottom:0px;\n}\n.flex_column.av-jgf3pjem-ee2a691ebc0a9a100bc99d372a9c72ca{\nborder-radius:0px 0px 0px 0px;\npadding:0px 0px 0px 0px;\n}\n.responsive #top #wrap_all .flex_column.av-jgf3pjem-ee2a691ebc0a9a100bc99d372a9c72ca{\nmargin-top:0px;\nmargin-bottom:0px;\n}\n<\/style>\n<div  class='flex_column av-jgf3pjem-ee2a691ebc0a9a100bc99d372a9c72ca av_one_full  avia-builder-el-1  avia-builder-el-no-sibling  first flex_column_div av-animated-generic left-to-right av-zero-column-padding  '     ><style type=\"text\/css\" data-created_by=\"avia_inline_auto\" id=\"style-css-av-jgs0mnr3-554a4776f21e317479f0eb3daa19cefe\">\n#top .av-special-heading.av-jgs0mnr3-554a4776f21e317479f0eb3daa19cefe{\nmargin:0 0 0 0;\npadding-bottom:0;\ncolor:#ffffff;\nfont-size:4vw;\n}\nbody .av-special-heading.av-jgs0mnr3-554a4776f21e317479f0eb3daa19cefe .av-special-heading-tag .heading-char{\nfont-size:25px;\n}\n#top #wrap_all .av-special-heading.av-jgs0mnr3-554a4776f21e317479f0eb3daa19cefe .av-special-heading-tag{\nfont-size:4vw;\n}\n.av-special-heading.av-jgs0mnr3-554a4776f21e317479f0eb3daa19cefe .special-heading-inner-border{\nborder-color:#ffffff;\n}\n.av-special-heading.av-jgs0mnr3-554a4776f21e317479f0eb3daa19cefe .av-subheading{\nfont-size:25px;\n}\n\n@media only screen and (min-width: 480px) and (max-width: 767px){ \n#top #wrap_all .av-special-heading.av-jgs0mnr3-554a4776f21e317479f0eb3daa19cefe .av-special-heading-tag{\nfont-size:0.8em;\n}\n}\n\n@media only screen and (max-width: 479px){ \n#top #wrap_all .av-special-heading.av-jgs0mnr3-554a4776f21e317479f0eb3daa19cefe .av-special-heading-tag{\nfont-size:0.8em;\n}\n}\n<\/style>\n<div  class='av-special-heading av-jgs0mnr3-554a4776f21e317479f0eb3daa19cefe av-special-heading-h2 custom-color-heading blockquote modern-quote modern-centered  avia-builder-el-2  avia-builder-el-no-sibling  av-inherit-size'><h2 class='av-special-heading-tag'  itemprop=\"headline\"  >\u00c0 Propos<\/h2><div class=\"special-heading-border\"><div class=\"special-heading-inner-border\"><\/div><\/div><\/div><\/div>\n<\/div><\/div><\/main><!-- close content main element --><\/div><\/div><\/div><div id='after_section_1'  class='main_color av_default_container_wrap container_wrap fullsize'  ><div class='container av-section-cont-open' ><div class='template-page content  av-content-full alpha units'><div class='post-entry post-entry-type-page post-entry-824'><div class='entry-content-wrapper clearfix'>\n\n<style type=\"text\/css\" data-created_by=\"avia_inline_auto\" id=\"style-css-av-lu8ujozj-c648f8c726d54a0fbeb7a5c2092318d1\">\n#top .av-special-heading.av-lu8ujozj-c648f8c726d54a0fbeb7a5c2092318d1{\npadding-bottom:10px;\n}\nbody .av-special-heading.av-lu8ujozj-c648f8c726d54a0fbeb7a5c2092318d1 .av-special-heading-tag .heading-char{\nfont-size:25px;\n}\n.av-special-heading.av-lu8ujozj-c648f8c726d54a0fbeb7a5c2092318d1 .av-subheading{\nfont-size:15px;\n}\n<\/style>\n<div  class='av-special-heading av-lu8ujozj-c648f8c726d54a0fbeb7a5c2092318d1 av-special-heading-h2  avia-builder-el-3  el_after_av_section  el_before_av_heading  avia-builder-el-first '><h2 class='av-special-heading-tag'  itemprop=\"headline\"  >L\u2019autonomie et la bonne gouvernance avec vos donn\u00e9es client passent par la cartographie<\/h2><div class=\"special-heading-border\"><div class=\"special-heading-inner-border\"><\/div><\/div><\/div>\n\n<style type=\"text\/css\" data-created_by=\"avia_inline_auto\" id=\"style-css-av-lusr1b30-7fe75015d89f229160943cfc7a1595b7\">\n#top .av-special-heading.av-lusr1b30-7fe75015d89f229160943cfc7a1595b7{\npadding-bottom:10px;\n}\nbody .av-special-heading.av-lusr1b30-7fe75015d89f229160943cfc7a1595b7 .av-special-heading-tag .heading-char{\nfont-size:25px;\n}\n.av-special-heading.av-lusr1b30-7fe75015d89f229160943cfc7a1595b7 .av-subheading{\nfont-size:15px;\n}\n<\/style>\n<div  class='av-special-heading av-lusr1b30-7fe75015d89f229160943cfc7a1595b7 av-special-heading-h3 blockquote classic-quote classic-quote-left  avia-builder-el-4  el_after_av_heading  el_before_av_textblock '><h3 class='av-special-heading-tag'  itemprop=\"headline\"  >Notre mission<\/h3><div class=\"special-heading-border\"><div class=\"special-heading-inner-border\"><\/div><\/div><\/div>\n<section  class='av_textblock_section av-lusr22fp-0c3f73666da47479db6874e50ede14bd '   itemscope=\"itemscope\" itemtype=\"https:\/\/schema.org\/CreativeWork\" ><div class='avia_textblock'  itemprop=\"text\" ><p class=\"x_MsoNormal\">Pour notre \u00e9quipe, le respect de la confidentialit\u00e9 est essentiel. De nombreux entrepreneurs et soci\u00e9t\u00e9s partagent cette conviction, voyant dans la sauvegarde des informations priv\u00e9es un signe de transparence et de respect envers leurs clients, employ\u00e9s, et autres collaborateurs.<\/p>\n<p class=\"x_MsoNormal\">\n<p class=\"x_MsoNormal\">Cependant, l&rsquo;application concr\u00e8te de ces principes peut s&rsquo;av\u00e9rer complexe. Elle peut \u00eatre source d&rsquo;inqui\u00e9tude, souvent sans soutien ad\u00e9quat.<\/p>\n<p class=\"x_MsoNormal\">\n<p class=\"x_MsoNormal\">C&rsquo;est pour r\u00e9pondre \u00e0 ce d\u00e9fi que nous avons d\u00e9velopp\u00e9 le concept de cartographie phygitale. Cette innovation vise \u00e0 allier simplicit\u00e9, clart\u00e9 et efficacit\u00e9, tout en prot\u00e9geant les donn\u00e9es personnelles des entreprises, conform\u00e9ment aux exigences r\u00e9glementaires, que ce soit au Qu\u00e9bec ou \u00e0 l&rsquo;international.<\/p>\n<\/div><\/section>\n\n<style type=\"text\/css\" data-created_by=\"avia_inline_auto\" id=\"style-css-av-lu8uk0a8-05334e09133ebb2e93b3625ded70ed68\">\n#top .av-special-heading.av-lu8uk0a8-05334e09133ebb2e93b3625ded70ed68{\npadding-bottom:10px;\n}\nbody .av-special-heading.av-lu8uk0a8-05334e09133ebb2e93b3625ded70ed68 .av-special-heading-tag .heading-char{\nfont-size:25px;\n}\n.av-special-heading.av-lu8uk0a8-05334e09133ebb2e93b3625ded70ed68 .av-subheading{\nfont-size:15px;\n}\n<\/style>\n<div  class='av-special-heading av-lu8uk0a8-05334e09133ebb2e93b3625ded70ed68 av-special-heading-h3 blockquote classic-quote classic-quote-left  avia-builder-el-6  el_after_av_textblock  el_before_av_textblock '><h3 class='av-special-heading-tag'  itemprop=\"headline\"  >Pourquoi<\/h3><div class=\"special-heading-border\"><div class=\"special-heading-inner-border\"><\/div><\/div><\/div>\n<section  class='av_textblock_section av-lu8ul57c-b243ead59bd8b0965165ab7b30e3c104 '   itemscope=\"itemscope\" itemtype=\"https:\/\/schema.org\/CreativeWork\" ><div class='avia_textblock'  itemprop=\"text\" ><p class=\"font_8 wixui-rich-text__text\"><span class=\"wixui-rich-text__text\">Au cours de nos nombreuses ann\u00e9es d&rsquo;exp\u00e9rience avec les donn\u00e9es dans diff\u00e9rents secteurs d&rsquo;activit\u00e9s, nous avons constat\u00e9 qu&rsquo;il n&rsquo;y a pas une seule solution compl\u00e8te sur le march\u00e9 qui fournit une gestion de gouvernance et une structure logique des donn\u00e9es dans le domaine automobile. Certaines fonctionnalit\u00e9s cr\u00e9\u00e9es par le pass\u00e9 nous ont permis d&rsquo;imaginer la possible compr\u00e9hension d&rsquo;un parcours client respectant son consentement, mais aussi de le respecter de fa\u00e7on complet et structur\u00e9e. Nous avons compil\u00e9 toutes les difficult\u00e9s rencontr\u00e9es par les professionnels de l&rsquo;automobile et de la gestion des donn\u00e9es pour maintenant \u00eatre en mesure de valider les int\u00e9r\u00eats des futurs clients de fa\u00e7on conforme.<\/span><\/p>\n<p class=\"font_8 wixui-rich-text__text\"><span class=\"wixui-rich-text__text\"><span class=\"wixGuard wixui-rich-text__text\">\u200b<\/span><\/span><\/p>\n<p class=\"font_8 wixui-rich-text__text\"><strong><span class=\"wixui-rich-text__text\">Il ne s&rsquo;agit pas seulement de cartographier, mais aussi de comprendre le secteur d&rsquo;activit\u00e9.<\/span><\/strong><\/p>\n<p class=\"font_8 wixui-rich-text__text\"><span class=\"wixui-rich-text__text\"><span class=\"wixGuard wixui-rich-text__text\">\u200b<\/span><\/span><\/p>\n<p class=\"font_8 wixui-rich-text__text\"><span class=\"wixui-rich-text__text\">Les analystes de donn\u00e9es, les sp\u00e9cialistes du marketing et les \u00e9quipes juridiques sont impliqu\u00e9s dans la gestion d et ils ont \u00e9galement besoin d&rsquo;uin pointr d&rsquo;encrage de gestion fiable et conforme aux r\u00e8gles en vigueurs. Et donc, nous l&rsquo;avons cr\u00e9\u00e9!<\/span><\/p>\n<p class=\"font_8 wixui-rich-text__text\">\n<\/div><\/section>\n\n<style type=\"text\/css\" data-created_by=\"avia_inline_auto\" id=\"style-css-av-lusr535h-4ad71d4893c6aef1eaec9389629eb83c\">\n#top .av-special-heading.av-lusr535h-4ad71d4893c6aef1eaec9389629eb83c{\npadding-bottom:10px;\n}\nbody .av-special-heading.av-lusr535h-4ad71d4893c6aef1eaec9389629eb83c .av-special-heading-tag .heading-char{\nfont-size:25px;\n}\n.av-special-heading.av-lusr535h-4ad71d4893c6aef1eaec9389629eb83c .av-subheading{\nfont-size:15px;\n}\n<\/style>\n<div  class='av-special-heading av-lusr535h-4ad71d4893c6aef1eaec9389629eb83c av-special-heading-h3 blockquote classic-quote classic-quote-left  avia-builder-el-8  el_after_av_textblock  el_before_av_textblock '><h3 class='av-special-heading-tag'  itemprop=\"headline\"  >Qui somme nous ?<\/h3><div class=\"special-heading-border\"><div class=\"special-heading-inner-border\"><\/div><\/div><\/div>\n<section  class='av_textblock_section av-lusr5fxt-4eab3665772415e6e2d9773a68b65b96 '   itemscope=\"itemscope\" itemtype=\"https:\/\/schema.org\/CreativeWork\" ><div class='avia_textblock'  itemprop=\"text\" ><p class=\"font_8 wixui-rich-text__text\"><span class=\"wixui-rich-text__text\">Une \u00e9quipe de v\u00e9t\u00e9rans de la s\u00e9curit\u00e9 informatique et du d\u00e9veloppement d&rsquo;outil d&rsquo;affaires.<\/span><\/p>\n<p class=\"font_8 wixui-rich-text__text\"><span class=\"wixui-rich-text__text\">Les v\u00e9t\u00e9rans en data et s\u00e9curit\u00e9 d&rsquo;infra info d\u00e9termin\u00e9s \u00e0 r\u00e9soudre des probl\u00e8mes rassemblent l&rsquo;\u00e9quipe fondatrice. La gestion des identifications en relation avec les lois et la technologie. . Nous avons \u00e9t\u00e9 des sp\u00e9cialistes en s\u00e9curit\u00e9 informatique et d\u00e9veloppeur web et nous ne pouvions pas nous en tenir au statu quo. Nous cherchons toujours de meilleures fa\u00e7ons d&rsquo;aider les entreprises \u00e0 passer au virage num\u00e9rique de fa\u00e7on conforme et structur\u00e9.<\/span><\/p>\n<p class=\"font_8 wixui-rich-text__text\"><span class=\"wixui-rich-text__text\">L&rsquo;\u00e9tat actuel de la gestion des concessionnaires en mati\u00e8re de gouvernance nous a prouv\u00e9 notre place. L&rsquo;industrie s&rsquo;accompagne d&rsquo;\u00e9carts de non-conformit\u00e9 et de la complexit\u00e9 sous diff\u00e9rents fournisseurs. Nous avons intensifi\u00e9 nos efforts pour cr\u00e9er des outils de gestion de nouvelle g\u00e9n\u00e9ration qui prend en charge la premi\u00e8re partie d&rsquo;une longue croisade vers la gouvernance, ce qui encourage des pratiques de gestion des donn\u00e9es propres et conformes, toutes en remettant les donn\u00e9es finales de fa\u00e7ons compr\u00e9hensibles. Nous pensons que la gestion se doit d&rsquo;\u00eatre simple, rapide, propre et transparente.<\/span><\/p>\n<\/div><\/section>\n<div  class='hr av-198bgo-c661faf935d5d52fed50f3a28e44761d hr-default  avia-builder-el-10  el_after_av_textblock  el_before_av_heading '><span class='hr-inner '><span class=\"hr-inner-style\"><\/span><\/span><\/div>\n\n<style type=\"text\/css\" data-created_by=\"avia_inline_auto\" id=\"style-css-av-lu8uqba6-bc441944b8d7f3aa6b3d751a19862ee6\">\n#top .av-special-heading.av-lu8uqba6-bc441944b8d7f3aa6b3d751a19862ee6{\npadding-bottom:10px;\n}\nbody .av-special-heading.av-lu8uqba6-bc441944b8d7f3aa6b3d751a19862ee6 .av-special-heading-tag .heading-char{\nfont-size:25px;\n}\n.av-special-heading.av-lu8uqba6-bc441944b8d7f3aa6b3d751a19862ee6 .av-subheading{\nfont-size:15px;\n}\n<\/style>\n<div  class='av-special-heading av-lu8uqba6-bc441944b8d7f3aa6b3d751a19862ee6 av-special-heading-h2  avia-builder-el-11  el_after_av_hr  el_before_av_one_half '><h2 class='av-special-heading-tag'  itemprop=\"headline\"  >Nos valeurs fondamentales<\/h2><div class=\"special-heading-border\"><div class=\"special-heading-inner-border\"><\/div><\/div><\/div>\n<div  class='flex_column av-diqw-1380799ebd1d15b6ae042401da1168e9 av_one_half  avia-builder-el-12  el_after_av_heading  el_before_av_one_half  first flex_column_div  '     ><section  class='av_textblock_section av-lu8v1fg8-193e056a8658bdfca15b12463b7b278c '   itemscope=\"itemscope\" itemtype=\"https:\/\/schema.org\/CreativeWork\" ><div class='avia_textblock'  itemprop=\"text\" ><div id=\"comp-irnopcn5\" class=\"c9GqVL QxJLC3 comp-irnopcn5 wixui-rich-text\" data-testid=\"richTextElement\">\n<h5 class=\"font_5 wixui-rich-text__text\">Honn\u00eatet\u00e9<\/h5>\n<\/div>\n<div id=\"comp-jt7jyjxp\" class=\"SxM0TO QxJLC3 comp-jt7jyjxp wixui-rich-text\" data-testid=\"richTextElement\">\n<p class=\"font_8 wixui-rich-text__text\">Nous faisons preuve d\u2019une transparence et d\u2019une honn\u00eatet\u00e9 sans failles.<\/p>\n<\/div>\n<div id=\"comp-irnopcno\" class=\"SxM0TO QxJLC3 comp-irnopcno wixui-rich-text\" data-testid=\"richTextElement\">\n<h5 class=\"font_5 wixui-rich-text__text\">Exp\u00e9rience<\/h5>\n<p class=\"font_8 wixui-rich-text__text\">Notre \u00e9quipe multidisciplinaire est compos\u00e9e de professionnels comp\u00e9tents et exp\u00e9riment\u00e9s.<\/p>\n<\/div>\n<div id=\"comp-jt7jyq5p\" class=\"SxM0TO QxJLC3 comp-jt7jyq5p wixui-rich-text\" data-testid=\"richTextElement\">\n<h5 class=\"font_5 wixui-rich-text__text\">Rapidit\u00e9<\/h5>\n<p class=\"font_8 wixui-rich-text__text\">Nous sommes \u00e0 votre service rapidement au moment o\u00f9 vous avez besoin de nous.<\/p>\n<\/div>\n<\/div><\/section><\/div>\n<div  class='flex_column av-uydx4-2538a50f4a4c286e5b60e34a4c9f2593 av_one_half  avia-builder-el-14  el_after_av_one_half  el_before_av_hr  flex_column_div  '     ><section  class='av_textblock_section av-lu8v21ic-dd29a1fd0e523eb0192bc9c181d5c96c '   itemscope=\"itemscope\" itemtype=\"https:\/\/schema.org\/CreativeWork\" ><div class='avia_textblock'  itemprop=\"text\" ><div id=\"comp-irnopcnj\" class=\"SxM0TO QxJLC3 comp-irnopcnj wixui-rich-text\" data-testid=\"richTextElement\">\n<h5 class=\"font_5 wixui-rich-text__text\">Communication<\/h5>\n<p class=\"font_8 wixui-rich-text__text\">Nous valorisons la saine communication tant entre les membres de notre \u00e9quipe que dans nos relations d\u2019affaires.<\/p>\n<\/div>\n<div id=\"comp-irnopco4\" class=\"SxM0TO QxJLC3 comp-irnopco4 wixui-rich-text\" data-testid=\"richTextElement\">\n<h5 class=\"font_5 wixui-rich-text__text\">Rigueur<\/h5>\n<p class=\"font_8 wixui-rich-text__text\">Les solutions que nous proposons sont test\u00e9es et \u00e9prouv\u00e9es.<\/p>\n<\/div>\n<div id=\"comp-irnopcnu\" class=\"SxM0TO QxJLC3 comp-irnopcnu wixui-rich-text\" data-testid=\"richTextElement\">\n<h5 class=\"font_5 wixui-rich-text__text\">Flexibilit\u00e9<\/h5>\n<p class=\"font_8 wixui-rich-text__text\">Nous offrons des solutions adapt\u00e9es \u00e0 la r\u00e9alit\u00e9 et aux besoins distincts de chaque entreprise.<\/p>\n<\/div>\n<\/div><\/section><\/div>\n<div  class='hr av-p9168-faaaa36a28296a47fb9c426326883567 hr-default  avia-builder-el-16  el_after_av_one_half  el_before_av_hr '><span class='hr-inner '><span class=\"hr-inner-style\"><\/span><\/span><\/div>\n<div  class='hr av-m1wvs-7b1dc3d49bd1c1414aa6eb7aa033eee3 hr-default  avia-builder-el-17  el_after_av_hr  el_before_av_one_half '><span class='hr-inner '><span class=\"hr-inner-style\"><\/span><\/span><\/div>\n<div  class='flex_column av-e2j7c-effc2c95e76927d3171ed042fca5d6d4 av_one_half  avia-builder-el-18  el_after_av_hr  el_before_av_one_half  first flex_column_div  '     ><p>\n<style type=\"text\/css\" data-created_by=\"avia_inline_auto\" id=\"style-css-av-lu8v3bcf-ae1a28ef567bc0ae09b39e609ddf5213\">\n#top .av-special-heading.av-lu8v3bcf-ae1a28ef567bc0ae09b39e609ddf5213{\npadding-bottom:10px;\n}\nbody .av-special-heading.av-lu8v3bcf-ae1a28ef567bc0ae09b39e609ddf5213 .av-special-heading-tag .heading-char{\nfont-size:25px;\n}\n.av-special-heading.av-lu8v3bcf-ae1a28ef567bc0ae09b39e609ddf5213 .av-subheading{\nfont-size:15px;\n}\n<\/style>\n<div  class='av-special-heading av-lu8v3bcf-ae1a28ef567bc0ae09b39e609ddf5213 av-special-heading-h2  avia-builder-el-19  el_before_av_textblock  avia-builder-el-first '><h2 class='av-special-heading-tag'  itemprop=\"headline\"  >Besoin d\u2019aide? Contactez nous!<\/h2><div class=\"special-heading-border\"><div class=\"special-heading-inner-border\"><\/div><\/div><\/div><br \/>\n<section  class='av_textblock_section av-lu8v3pis-11360f82c20a170b2b0e5f4ba4533439 '   itemscope=\"itemscope\" itemtype=\"https:\/\/schema.org\/CreativeWork\" ><div class='avia_textblock'  itemprop=\"text\" ><p>Nous sommes ici pour vous aider. Nous sommes disponible par t\u00e9l\u00e9phone, courriel ou par r\u00e9seaux sociaux.<\/p>\n<\/div><\/section><\/p><\/div>\n<div  class='flex_column av-11iy0-72980227c411dc464e272ee2302f306a av_one_half  avia-builder-el-21  el_after_av_one_half  avia-builder-el-last  flex_column_div  '     ><div  class='avia-button-wrap av-lu8v5hxl-4f3d1134fec83e4ac0792f8e3162f0f0-wrap avia-button-left  avia-builder-el-22  avia-builder-el-no-sibling '><a href='https:\/\/www.infrainfo.ca\/index.php\/contact\/'  class='avia-button av-lu8v5hxl-4f3d1134fec83e4ac0792f8e3162f0f0 avia-icon_select-yes-left-icon avia-size-x-large avia-position-left avia-color-theme-color'  ><span class='avia_button_icon avia_button_icon_left' aria-hidden='true' data-av_icon='\ue805' data-av_iconfont='entypo-fontello'><\/span><span class='avia_iconbox_title' >Contact<\/span><\/a><\/div><\/div>\n","protected":false},"excerpt":{"rendered":"","protected":false},"author":1,"featured_media":0,"parent":0,"menu_order":0,"comment_status":"closed","ping_status":"closed","template":"","meta":{"footnotes":""},"class_list":["post-824","page","type-page","status-publish","hentry"],"_links":{"self":[{"href":"https:\/\/www.infrainfo.ca\/index.php\/wp-json\/wp\/v2\/pages\/824","targetHints":{"allow":["GET"]}}],"collection":[{"href":"https:\/\/www.infrainfo.ca\/index.php\/wp-json\/wp\/v2\/pages"}],"about":[{"href":"https:\/\/www.infrainfo.ca\/index.php\/wp-json\/wp\/v2\/types\/page"}],"author":[{"embeddable":true,"href":"https:\/\/www.infrainfo.ca\/index.php\/wp-json\/wp\/v2\/users\/1"}],"replies":[{"embeddable":true,"href":"https:\/\/www.infrainfo.ca\/index.php\/wp-json\/wp\/v2\/comments?post=824"}],"version-history":[{"count":13,"href":"https:\/\/www.infrainfo.ca\/index.php\/wp-json\/wp\/v2\/pages\/824\/revisions"}],"predecessor-version":[{"id":1381,"href":"https:\/\/www.infrainfo.ca\/index.php\/wp-json\/wp\/v2\/pages\/824\/revisions\/1381"}],"wp:attachment":[{"href":"https:\/\/www.infrainfo.ca\/index.php\/wp-json\/wp\/v2\/media?parent=824"}],"curies":[{"name":"wp","href":"https:\/\/api.w.org\/{rel}","templated":true}]}}